{"id":31963,"date":"2024-05-30T13:33:53","date_gmt":"2024-05-30T13:33:53","guid":{"rendered":"https:\/\/visplu.com\/?page_id=31963"},"modified":"2024-06-17T10:37:47","modified_gmt":"2024-06-17T10:37:47","slug":"data-protection","status":"publish","type":"page","link":"https:\/\/visplu.com\/de\/data-protection\/","title":{"rendered":"Datenschutz"},"content":{"rendered":"<div data-elementor-type=\"wp-page\" data-elementor-id=\"31963\" class=\"elementor elementor-31963\" data-elementor-post-type=\"page\">\n\t\t\t\t\t\t<section class=\"elementor-section elementor-top-section elementor-element elementor-element-2e90a0c elementor-section-boxed elementor-section-height-default elementor-section-height-default sc_fly_static\" data-id=\"2e90a0c\" data-element_type=\"section\">\n\t\t\t\t\t\t<div class=\"elementor-container elementor-column-gap-extended\">\n\t\t\t\t\t<div class=\"elementor-column elementor-col-100 elementor-top-column elementor-element elementor-element-baae7e2 sc_inner_width_none sc_content_align_inherit sc_layouts_column_icons_position_left sc_fly_static\" data-id=\"baae7e2\" data-element_type=\"column\">\n\t\t\t<div class=\"elementor-widget-wrap elementor-element-populated\">\n\t\t\t\t\t\t<div class=\"elementor-element elementor-element-589fcec sc_fly_static elementor-widget elementor-widget-heading\" data-id=\"589fcec\" data-element_type=\"widget\" data-widget_type=\"heading.default\">\n\t\t\t\t<div class=\"elementor-widget-container\">\n\t\t\t<h3 class=\"elementor-heading-title elementor-size-default\"><br> Datenschutzhinweis f\u00fcr Visplu GmbH:<br><\/h3>\t\t<\/div>\n\t\t\t\t<\/div>\n\t\t\t\t\t<\/div>\n\t\t<\/div>\n\t\t\t\t\t<\/div>\n\t\t<\/section>\n\t\t\t\t<section class=\"elementor-section elementor-top-section elementor-element elementor-element-3067f50 elementor-section-boxed elementor-section-height-default elementor-section-height-default sc_fly_static\" data-id=\"3067f50\" data-element_type=\"section\">\n\t\t\t\t\t\t<div class=\"elementor-container elementor-column-gap-extended\">\n\t\t\t\t\t<div class=\"elementor-column elementor-col-100 elementor-top-column elementor-element elementor-element-c267693 sc_inner_width_none sc_content_align_inherit sc_layouts_column_icons_position_left sc_fly_static\" data-id=\"c267693\" data-element_type=\"column\">\n\t\t\t<div class=\"elementor-widget-wrap elementor-element-populated\">\n\t\t\t\t\t\t<div class=\"elementor-element elementor-element-c4d0177 sc_fly_static elementor-widget elementor-widget-spacer\" data-id=\"c4d0177\" data-element_type=\"widget\" data-widget_type=\"spacer.default\">\n\t\t\t\t<div class=\"elementor-widget-container\">\n\t\t\t\t\t<div class=\"elementor-spacer\">\n\t\t\t<div class=\"elementor-spacer-inner\"><\/div>\n\t\t<\/div>\n\t\t\t\t<\/div>\n\t\t\t\t<\/div>\n\t\t\t\t\t<\/div>\n\t\t<\/div>\n\t\t\t\t\t<\/div>\n\t\t<\/section>\n\t\t\t\t<section class=\"elementor-section elementor-top-section elementor-element elementor-element-95ac952 elementor-section-boxed elementor-section-height-default elementor-section-height-default sc_fly_static\" data-id=\"95ac952\" data-element_type=\"section\">\n\t\t\t\t\t\t<div class=\"elementor-container elementor-column-gap-extended\">\n\t\t\t\t\t<div class=\"elementor-column elementor-col-100 elementor-top-column elementor-element elementor-element-a8a4059 sc_inner_width_none sc_content_align_inherit sc_layouts_column_icons_position_left sc_fly_static\" data-id=\"a8a4059\" data-element_type=\"column\">\n\t\t\t<div class=\"elementor-widget-wrap elementor-element-populated\">\n\t\t\t\t\t\t<div class=\"elementor-element elementor-element-392a6a4 sc_fly_static elementor-widget elementor-widget-text-editor\" data-id=\"392a6a4\" data-element_type=\"widget\" data-widget_type=\"text-editor.default\">\n\t\t\t\t<div class=\"elementor-widget-container\">\n\t\t\t\t\t\t\t<p><b>Datenverantwortlicher:<\/b><\/p><p><span style=\"font-weight: 400;\">Visplu GmbH ist der f\u00fcr die Verarbeitung personenbezogener Daten \u00fcber diese Website und im Rahmen unserer Gesch\u00e4ftst\u00e4tigkeit verantwortliche Datenverantwortliche.<\/span><\/p><p><b>Zweck der Datenverarbeitung:<\/b><\/p><p><span style=\"font-weight: 400;\">Wir erfassen und verarbeiten personenbezogene Daten f\u00fcr bestimmte, explizite und legitime Zwecke, einschlie\u00dflich, aber nicht beschr\u00e4nkt auf [geben Sie die Zwecke an, z. B. Bereitstellung unserer Dienstleistungen, Kommunikation mit Kunden usw.].<\/span><\/p><p><b>Rechtsgrundlage f\u00fcr die Verarbeitung:<\/b><\/p><p><span style=\"font-weight: 400;\">Die Rechtsgrundlage f\u00fcr die Verarbeitung personenbezogener Daten ist ausschlie\u00dflich operational, z. B. die Notwendigkeit der Verarbeitung f\u00fcr die Erf\u00fcllung eines Vertrags, die Einhaltung einer gesetzlichen Verpflichtung, Einwilligung usw.].<\/span><\/p><p><b>Arten von verarbeiteten Daten:<\/b><\/p><p><span style=\"font-weight: 400;\">Wir k\u00f6nnen verschiedene Arten personenbezogener Daten verarbeiten, einschlie\u00dflich, aber nicht beschr\u00e4nkt auf [Listen Sie die Arten von Daten auf, z. B. Kontaktdaten, Zahlungsdetails usw.].<\/span><\/p><p><b>Rechte der betroffenen Personen:<\/b><\/p><p><span style=\"font-weight: 400;\">Als betroffene Person haben Sie das Recht auf Datenverzicht, z. B. auf Zugang, Berichtigung, L\u00f6schung, Einschr\u00e4nkung der Verarbeitung, Daten\u00fcbertragbarkeit und das Recht, der Verarbeitung zu widersprechen.<\/span><\/p><p><b>Datensicherheit:<\/b><\/p><p><span style=\"font-weight: 400;\">Wir ergreifen geeignete technische und organisatorische Ma\u00dfnahmen, um die Sicherheit personenbezogener Daten zu gew\u00e4hrleisten, einschlie\u00dflich Schutz vor unbefugter oder rechtswidriger Verarbeitung sowie vor unbeabsichtigtem Verlust, Zerst\u00f6rung oder Besch\u00e4digung.<\/span><\/p><p><b>Datenweitergabe:<\/b><\/p><p><span style=\"font-weight: 400;\">Wir k\u00f6nnen personenbezogene Daten mit unseren Gesch\u00e4ftspartnern, z. B. Drittanbietern, nur teilen, wenn dies f\u00fcr die in diesem Haftungsausschluss festgelegten Zwecke erforderlich ist.<\/span><\/p><p><span style=\"font-weight: 400;\">Die weitergegebenen Daten werden unter denselben Datenschutzbestimmungen \u00fcbertragen, wie sie von Visplu GmbH betrachtet werden<\/span><\/p><p><b>Internationale Daten\u00fcbermittlungen:<\/b><\/p><p><span style=\"font-weight: 400;\">Wenn personenbezogene Daten au\u00dferhalb des Europ\u00e4ischen Wirtschaftsraums (EWR) \u00fcbertragen werden, stellen wir sicher, dass angemessene Schutzma\u00dfnahmen vorhanden sind, wie die Verwendung von Standardvertragsklauseln oder die Berufung auf eine Angemessenheitsentscheidung.<\/span><\/p><p><b>Aufbewahrungsfrist f\u00fcr Daten:<\/b><\/p><p><span style=\"font-weight: 400;\">Personenbezogene Daten werden nur so lange aufbewahrt, wie dies zur Erf\u00fcllung der Zwecke erforderlich ist, f\u00fcr die sie erhoben wurden, es sei denn, eine l\u00e4ngere Aufbewahrungsfrist ist gesetzlich vorgeschrieben oder zul\u00e4ssig.<\/span><\/p><p><b>Cookies und Tracking-Technologien:<\/b><\/p><p><span style=\"font-weight: 400;\">Unsere Website verwendet Cookies und \u00e4hnliche Tracking-Technologien. Durch die Nutzung unserer Website stimmen Sie der Verwendung von Cookies gem\u00e4\u00df unserer Cookie-Richtlinie zu.<\/span><\/p><p><b>\u00c4nderungen des Datenschutzhinweises:<\/b><\/p><p><span style=\"font-weight: 400;\">Wir behalten uns das Recht vor, diesen Datenschutzhinweis zu aktualisieren und zu \u00e4ndern. \u00c4nderungen werden auf unserer Website ver\u00f6ffentlicht.<\/span><\/p>\t\t\t\t\t\t<\/div>\n\t\t\t\t<\/div>\n\t\t\t\t\t<\/div>\n\t\t<\/div>\n\t\t\t\t\t<\/div>\n\t\t<\/section>\n\t\t\t\t<section class=\"elementor-section elementor-top-section elementor-element elementor-element-24a50ab elementor-section-boxed elementor-section-height-default elementor-section-height-default sc_fly_static\" data-id=\"24a50ab\" data-element_type=\"section\">\n\t\t\t\t\t\t<div class=\"elementor-container elementor-column-gap-extended\">\n\t\t\t\t\t<div class=\"elementor-column elementor-col-100 elementor-top-column elementor-element elementor-element-e8d75a7 sc_inner_width_none sc_content_align_inherit sc_layouts_column_icons_position_left sc_fly_static\" data-id=\"e8d75a7\" data-element_type=\"column\">\n\t\t\t<div class=\"elementor-widget-wrap elementor-element-populated\">\n\t\t\t\t\t\t<div class=\"elementor-element elementor-element-457e3ba sc_fly_static elementor-widget elementor-widget-spacer\" data-id=\"457e3ba\" data-element_type=\"widget\" data-widget_type=\"spacer.default\">\n\t\t\t\t<div class=\"elementor-widget-container\">\n\t\t\t\t\t<div class=\"elementor-spacer\">\n\t\t\t<div class=\"elementor-spacer-inner\"><\/div>\n\t\t<\/div>\n\t\t\t\t<\/div>\n\t\t\t\t<\/div>\n\t\t\t\t\t<\/div>\n\t\t<\/div>\n\t\t\t\t\t<\/div>\n\t\t<\/section>\n\t\t\t\t<section class=\"elementor-section elementor-top-section elementor-element elementor-element-0ff3746 elementor-section-boxed elementor-section-height-default elementor-section-height-default sc_fly_static\" data-id=\"0ff3746\" data-element_type=\"section\">\n\t\t\t\t\t\t<div class=\"elementor-container elementor-column-gap-extended\">\n\t\t\t\t\t<div class=\"elementor-column elementor-col-100 elementor-top-column elementor-element elementor-element-3e5a452 sc_inner_width_none sc_content_align_inherit sc_layouts_column_icons_position_left sc_fly_static\" data-id=\"3e5a452\" data-element_type=\"column\">\n\t\t\t<div class=\"elementor-widget-wrap elementor-element-populated\">\n\t\t\t\t\t\t<div class=\"elementor-element elementor-element-adb392f sc_fly_static elementor-widget elementor-widget-text-editor\" data-id=\"adb392f\" data-element_type=\"widget\" data-widget_type=\"text-editor.default\">\n\t\t\t\t<div class=\"elementor-widget-container\">\n\t\t\t\t\t\t\t<p><span style=\"font-weight: 400;\">Kontaktinformationen:<\/span><\/p><p><span style=\"font-weight: 400;\">F\u00fcr Fragen, Bedenken oder Anfragen im Zusammenhang mit dem Datenschutz kontaktieren Sie uns bitte unter:<\/span><\/p><p><span style=\"font-weight: 400;\">Visplu GmbH<\/span><\/p><p><span style=\"font-weight: 400;\">Blumenauer Str.1 30449 Hannover\u00a0<\/span><\/p><p><span style=\"font-weight: 400;\">Tel: <\/span><b>+<a href=\"tel:004951165584272\">4951165584272<\/a><\/b><\/p><p><span style=\"font-weight: 400;\">Email: <\/span><a href=\"mailto:Info@visplu.com\"><span style=\"font-weight: 400;\">Info@visplu.com<\/span><\/a><\/p>\t\t\t\t\t\t<\/div>\n\t\t\t\t<\/div>\n\t\t\t\t\t<\/div>\n\t\t<\/div>\n\t\t\t\t\t<\/div>\n\t\t<\/section>\n\t\t\t\t<\/div>","protected":false},"excerpt":{"rendered":"<p>Data Protection Disclaimer for Visplu GmbH: Data Controller: Visplu GmbH is the data controller responsible for the processing of personal data collected through this website and during the course of&hellip;<\/p>","protected":false},"author":17,"featured_media":0,"parent":0,"menu_order":0,"comment_status":"closed","ping_status":"closed","template":"","meta":{"footnotes":""},"class_list":["post-31963","page","type-page","status-publish","hentry"],"_links":{"self":[{"href":"https:\/\/visplu.com\/de\/wp-json\/wp\/v2\/pages\/31963","targetHints":{"allow":["GET"]}}],"collection":[{"href":"https:\/\/visplu.com\/de\/wp-json\/wp\/v2\/pages"}],"about":[{"href":"https:\/\/visplu.com\/de\/wp-json\/wp\/v2\/types\/page"}],"author":[{"embeddable":true,"href":"https:\/\/visplu.com\/de\/wp-json\/wp\/v2\/users\/17"}],"replies":[{"embeddable":true,"href":"https:\/\/visplu.com\/de\/wp-json\/wp\/v2\/comments?post=31963"}],"version-history":[{"count":10,"href":"https:\/\/visplu.com\/de\/wp-json\/wp\/v2\/pages\/31963\/revisions"}],"predecessor-version":[{"id":32362,"href":"https:\/\/visplu.com\/de\/wp-json\/wp\/v2\/pages\/31963\/revisions\/32362"}],"wp:attachment":[{"href":"https:\/\/visplu.com\/de\/wp-json\/wp\/v2\/media?parent=31963"}],"curies":[{"name":"wp","href":"https:\/\/api.w.org\/{rel}","templated":true}]}}